{"id":1259,"date":"2020-05-27T05:35:15","date_gmt":"2020-05-27T04:35:15","guid":{"rendered":"https:\/\/europa.studio\/privacy-policy\/"},"modified":"2023-12-12T11:09:15","modified_gmt":"2023-12-12T11:09:15","slug":"politique-de-confidentialite","status":"publish","type":"page","link":"https:\/\/europa.studio\/fr\/politique-de-confidentialite\/","title":{"rendered":"Politique de confidentialit\u00e9"},"content":{"rendered":"<h5>Introduction et conditions g\u00e9n\u00e9rales<\/h5>\n<p>Le respect de la vie priv\u00e9e et la s\u00e9curit\u00e9 en ligne sont importants pour Europa Studio. Cette politique explique comment nous pouvons collecter des informations vous concernant et comment nous les utilisons. Elle donne \u00e9galement certaines garanties sur ce que nous ferons et ne ferons pas.<\/p>\n<h5>Cette politique de confidentialit\u00e9 explique ce qui suit :<\/h5>\n<ul>\n<li>le type d\u2019informations que nous pouvons collecter \u00e0 votre sujet<\/li>\n<li>comment nous utilisons les informations que nous recueillons \u00e0 votre sujet<\/li>\n<li>quand nous pouvons utiliser vos donn\u00e9es pour vous contacter<\/li>\n<li>si nous partagerons vos informations avec quelqu\u2019un d\u2019autre<\/li>\n<li>la dur\u00e9e de conservation de vos informations<\/li>\n<li>l\u2019utilisation de cookies sur ce site web<\/li>\n<li>comment vous pouvez contr\u00f4ler vos donn\u00e9es personnelles<\/li>\n<\/ul>\n<p>Europa Studio s\u2019engage \u00e0 prot\u00e9ger vos informations personnelles. Nous traitons toutes les donn\u00e9es personnelles conform\u00e9ment \u00e0 la l\u00e9gislation applicable en mati\u00e8re de protection de la vie priv\u00e9e, en particulier, mais sans s\u2019y limiter, la loi sur la protection des donn\u00e9es de 1998 et le r\u00e8glement g\u00e9n\u00e9ral sur la protection des donn\u00e9es de l\u2019UE (RGPD).<\/p>\n<h5>Quelles sont les informations que nous pouvons recueillir \u00e0 votre sujet ?<\/h5>\n<p>Lorsque vous acc\u00e9dez, vous inscrivez ou utilisez les services, le mat\u00e9riel ou le contenu en ligne d\u2019Europa Studio, tels que les bulletins d\u2019information, les documents t\u00e9l\u00e9chargeables ou les formulaires de contact, nous pouvons recevoir des informations personnelles vous concernant. Nous ne collectons que les informations pour lesquelles nous sommes s\u00fbrs qu\u2019elles seront r\u00e9ellement utiles. Il peut s\u2019agir d\u2019informations telles que votre nom, votre adresse \u00e9lectronique, votre adresse postale, votre num\u00e9ro de t\u00e9l\u00e9phone fixe ou mobile, votre entreprise ou votre secteur d\u2019activit\u00e9, en fonction de l\u2019activit\u00e9 concern\u00e9e. En soumettant vos coordonn\u00e9es, vous permettez \u00e0 Europa Studio (et le cas \u00e9ch\u00e9ant \u00e0 ses sous-traitants) de vous fournir les services, le mat\u00e9riel ou le contenu en ligne que vous s\u00e9lectionnez.<\/p>\n<h5>Comment utilisons-nous les informations que nous recueillons \u00e0 votre sujet ?<\/h5>\n<p>Europa Studio utilisera vos informations personnelles pour un certain nombre de raisons, dont les suivantes :<\/p>\n<ul>\n<li>pour vous fournir nos services et pour r\u00e9pondre \u00e0 vos demandes et requ\u00eates<\/li>\n<li>pour vous fournir des informations sur nos services, notre mat\u00e9riel ou notre contenu en ligne lorsque vous en faites la demande<\/li>\n<li>vous offrir l\u2019exp\u00e9rience de navigation la plus conviviale possible<\/li>\n<\/ul>\n<p>Si nous envisageons d\u2019utiliser vos informations personnelles \u00e0 d\u2019autres fins, nous veillerons \u00e0 vous en informer au pr\u00e9alable. Vous aurez \u00e9galement la possibilit\u00e9 de refuser ou de retirer votre consentement \u00e0 l\u2019utilisation de vos informations personnelles \u00e0 des fins autres que celles \u00e9num\u00e9r\u00e9es ci-dessus.<\/p>\n<h5>Quand pouvons-nous utiliser vos donn\u00e9es pour vous contacter ?<\/h5>\n<p>Europa Studio peut vous contacter :<\/p>\n<ul>\n<li>en ce qui concerne tout service, mat\u00e9riel ou contenu en ligne pour lequel vous vous \u00eates inscrit ou que vous avez demand\u00e9, afin de nous assurer que nous pouvons vous les fournir<\/li>\n<li>en relation avec toute correspondance que nous recevons de votre part ou tout commentaire ou plainte que vous faites \u00e0 propos de nos services<\/li>\n<li>\u00e0 des fins de marketing ou pour promouvoir de nouveaux services, mat\u00e9riels ou contenus en ligne si vous y avez consenti<\/li>\n<\/ul>\n<h5>Allons-nous partager vos donn\u00e9es avec quelqu\u2019un d\u2019autre ?<\/h5>\n<p>Nous garderons vos informations confidentielles, sauf si leur divulgation est requise ou autoris\u00e9e par la loi (par exemple, aux organismes gouvernementaux et aux autorit\u00e9s charg\u00e9es de l\u2019application de la loi) ou si elle est d\u00e9crite dans la pr\u00e9sente section.<\/p>\n<p>En g\u00e9n\u00e9ral, nous n\u2019utiliserons vos informations qu\u2019au sein d\u2019Europa Studio et ne les partagerons en dehors d\u2019Europa Studio que si vous avez demand\u00e9 ou donn\u00e9 votre consentement ou si cela est n\u00e9cessaire pour fournir nos services.<\/p>\n<h5>Combien de temps conservons-nous vos donn\u00e9es ?<\/h5>\n<p>Pour nous assurer de respecter nos obligations l\u00e9gales en mati\u00e8re de protection des donn\u00e9es et de la vie priv\u00e9e, nous ne conserverons vos informations personnelles dans notre syst\u00e8me que pendant la dur\u00e9e n\u00e9cessaire \u00e0 l\u2019activit\u00e9 concern\u00e9e. Dans la plupart des cas, nous conserverons vos informations pendant toute la dur\u00e9e de votre compte chez Europa Studio.<\/p>\n<h5>Cookies et informations que nous collectons aupr\u00e8s de vous<\/h5>\n<p>Le site web d\u2019Europa Studio est con\u00e7u pour utiliser certains types de cookies et en continuant \u00e0 utiliser notre site web, vous acceptez que nous utilisions ces cookies. La suppression ou le rejet des cookies peut avoir un effet n\u00e9gatif sur votre exp\u00e9rience d\u2019utilisateur de notre site web et nous pourrions ne pas \u00eatre en mesure de fournir certaines fonctions que vous avez choisi de recevoir pr\u00e9c\u00e9demment.<\/p>\n<h5>Notre site Internet utilise les cat\u00e9gories de cookies suivantes :<\/h5>\n<h6>Cookies strictement n\u00e9cessaires<\/h6>\n<p>Ces cookies sont essentiels pour vous permettre de vous d\u00e9placer sur le site web et d\u2019utiliser ses fonctions. Ils ne recueillent aucune information vous concernant qui pourrait \u00eatre utilis\u00e9e \u00e0 des fins de marketing ou pour se souvenir de vos all\u00e9es et venues sur l\u2019internet.<\/p>\n<h6>Cookies de fonctionnalit\u00e9<\/h6>\n<p style=\"font-weight: 400;\">Ces cookies permettent au site web d&rsquo;offrir des fonctionnalit\u00e9s am\u00e9lior\u00e9es et plus personnelles, telles que l&rsquo;affichage du site web dans la langue de votre choix. Les informations recueillies par ces cookies sont anonymes et ne peuvent pas suivre votre activit\u00e9 de navigation sur d&rsquo;autres sites web.<\/p>\n<p style=\"font-weight: 400;\">Les cookies de fonctionnalit\u00e9 utilis\u00e9s par ce site web sont utilis\u00e9s par le plugin WPML pour g\u00e9rer les capacit\u00e9s multilingues du site. Ils expirent apr\u00e8s 24 heures.<\/p>\n<p style=\"font-weight: 400;\"><em>wp-wpml_current_language<\/em><br \/>\nCe cookie stocke la langue actuelle.<\/p>\n<p style=\"font-weight: 400;\"><em>_icl_visitor_lang_js<\/em><br \/>\nCe cookie stocke la langue redirig\u00e9e.<\/p>\n<p style=\"font-weight: 400;\"><em>wpml_browser_redirect_test<\/em><br \/>\nCe cookie teste si les cookies sont activ\u00e9s.<\/p>\n<h6>Comment puis-je g\u00e9rer les cookies sur ce site web ?<\/h6>\n<p>Pour g\u00e9rer tous les cookies plac\u00e9s sur votre ordinateur, votre t\u00e9l\u00e9phone portable ou votre tablette via les param\u00e8tres de votre navigateur web, veuillez consulter le guide de votre navigateur. Vous trouverez de plus amples informations sur les cookies \u00e0 l\u2019adresse www.allaboutcookies.org et www.youronlinechoices.eu.<\/p>\n<h5>Liens vers d\u2019autres sites web<\/h5>\n<p>Sur le site web d&rsquo;Europa Studio, vous pouvez trouver des hyperliens vers des sites web d\u00e9tenus et g\u00e9r\u00e9s par des soci\u00e9t\u00e9s et organisations tierces. Ces sites tiers ont leur propre politique de confidentialit\u00e9 et sont \u00e9galement susceptibles d&rsquo;utiliser des cookies. Nous n&rsquo;acceptons aucune responsabilit\u00e9 quant \u00e0 la mani\u00e8re dont ces soci\u00e9t\u00e9s traitent les donn\u00e9es personnelles et assurent la protection de votre vie priv\u00e9e. L&rsquo;utilisation de ces sites se fait \u00e0 vos risques et p\u00e9rils. Par cons\u00e9quent, nous vous conseillons de consulter les politiques de confidentialit\u00e9 de ces sites web avant de les utiliser. Les conditions offertes par ces sites web peuvent \u00eatre diff\u00e9rentes de celles offertes par Europa Studio.<\/p>\n<h5>Contr\u00f4le de vos donn\u00e9es personnelles<\/h5>\n<p>Vous gardez \u00e0 tout moment le contr\u00f4le de vos donn\u00e9es personnelles. Vous avez le droit de demander une copie des informations personnelles qu&rsquo;Europa Studio d\u00e9tient \u00e0 votre sujet. Nous vous demanderons de prouver votre identit\u00e9 \u00e0 l&rsquo;aide de deux pi\u00e8ces d&rsquo;identit\u00e9 approuv\u00e9es. \u00c0 cette fin, nous acceptons une photocopie de votre passeport et l&rsquo;original d&rsquo;une facture d&rsquo;\u00e9lectricit\u00e9 indiquant votre adresse actuelle.<\/p>\n<p>Nous nous r\u00e9servons le droit de vous facturer des frais administratifs minimes pour couvrir les co\u00fbts li\u00e9s au respect de vos droits l\u00e9gaux, dans la mesure o\u00f9 la l\u00e9gislation applicable le permet. Nous nous r\u00e9servons \u00e9galement le droit de ne pas donner suite aux demandes de renseignements ou aux requ\u00eates que nous recevons au sujet des informations que nous recueillons, lorsque nous sommes en droit de le faire. Par exemple, si nous avons des raisons de croire qu&rsquo;une demande est malveillante, techniquement impossible, qu&rsquo;elle implique des efforts disproportionn\u00e9s ou qu&rsquo;elle pourrait \u00eatre pr\u00e9judiciable \u00e0 d&rsquo;autres personnes.<\/p>\n<p>Si certaines informations vous concernant sont incorrectes, incompl\u00e8tes ou obsol\u00e8tes, vous pouvez nous demander de les corriger sans frais.<\/p>\n<p>Si vous avez pr\u00e9c\u00e9demment accept\u00e9 que nous utilisions vos informations personnelles \u00e0 des fins de marketing, vous pouvez changer d&rsquo;avis \u00e0 tout moment en nous contactant par courrier \u00e9lectronique. Vous pouvez \u00e9galement vous d\u00e9sabonner de nos courriels de marketing en utilisant le lien de d\u00e9sabonnement que nous incluons dans le pied de page de chaque courriel de marketing que nous vous envoyons.<\/p>\n<h5>Modifications de cette politique de confidentialit\u00e9<\/h5>\n<p>La pr\u00e9sente politique de confidentialit\u00e9 peut \u00eatre mise \u00e0 jour de temps \u00e0 autre. Vous pouvez donc la consulter chaque fois que vous soumettez des informations personnelles \u00e0 Europa Studio. La date des r\u00e9visions les plus r\u00e9centes appara\u00eetra sur cette page. Si vous n&rsquo;acceptez pas ces modifications, veuillez ne pas continuer \u00e0 utiliser le site web d&rsquo;Europa Studio et \u00e0 lui soumettre des informations personnelles.<\/p>\n<h5>Nous contacter \u00e0 propos de cette politique de confidentialit\u00e9<\/h5>\n<p>Si vous avez des questions ou des commentaires sur cette politique de confidentialit\u00e9, veuillez contacter notre d\u00e9l\u00e9gu\u00e9 \u00e0 la protection des donn\u00e9es : <a href=\"mailto:mydata@europa.studio\">mydata@europa.studio<\/a>.<\/p>\n<p>&nbsp;<\/p>\n<p><strong>Last updated:<\/strong> 7 d\u00e9cembre 2023<\/p>\n","protected":false},"excerpt":{"rendered":"<p>Introduction et conditions g\u00e9n\u00e9rales Le respect de la vie priv\u00e9e et la s\u00e9curit\u00e9 en ligne sont importants pour Europa Studio. Cette politique explique comment nous pouvons collecter des informations vous concernant et comment&hellip;<\/p>\n","protected":false},"author":3,"featured_media":0,"parent":0,"menu_order":0,"comment_status":"closed","ping_status":"open","template":"","meta":{"footnotes":""},"class_list":["post-1259","page","type-page","status-publish","hentry"],"yoast_head":"<!-- This site is optimized with the Yoast SEO plugin v27.3 - https:\/\/yoast.com\/product\/yoast-seo-wordpress\/ -->\n<title>Politique de confidentialit\u00e9 &#8211; Europa Studio<\/title>\n<meta name=\"robots\" content=\"index, follow, max-snippet:-1, max-image-preview:large, max-video-preview:-1\" \/>\n<link rel=\"canonical\" href=\"https:\/\/europa.studio\/fr\/politique-de-confidentialite\/\" \/>\n<meta property=\"og:locale\" content=\"fr_FR\" \/>\n<meta property=\"og:type\" content=\"article\" \/>\n<meta property=\"og:title\" content=\"Politique de confidentialit\u00e9 &#8211; Europa Studio\" \/>\n<meta property=\"og:description\" content=\"Introduction et conditions g\u00e9n\u00e9rales Le respect de la vie priv\u00e9e et la s\u00e9curit\u00e9 en ligne sont importants pour Europa Studio. Cette politique explique comment nous pouvons collecter des informations vous concernant et comment&hellip;\" \/>\n<meta property=\"og:url\" content=\"https:\/\/europa.studio\/fr\/politique-de-confidentialite\/\" \/>\n<meta property=\"og:site_name\" content=\"Europa Studio\" \/>\n<meta property=\"article:modified_time\" content=\"2023-12-12T11:09:15+00:00\" \/>\n<meta name=\"twitter:card\" content=\"summary_large_image\" \/>\n<meta name=\"twitter:label1\" content=\"Dur\u00e9e de lecture estim\u00e9e\" \/>\n\t<meta name=\"twitter:data1\" content=\"7 minutes\" \/>\n<script type=\"application\/ld+json\" class=\"yoast-schema-graph\">{\"@context\":\"https:\\\/\\\/schema.org\",\"@graph\":[{\"@type\":\"WebPage\",\"@id\":\"https:\\\/\\\/europa.studio\\\/fr\\\/politique-de-confidentialite\\\/\",\"url\":\"https:\\\/\\\/europa.studio\\\/fr\\\/politique-de-confidentialite\\\/\",\"name\":\"Politique de confidentialit\u00e9 &#8211; Europa Studio\",\"isPartOf\":{\"@id\":\"https:\\\/\\\/europa.studio\\\/fr\\\/#website\"},\"datePublished\":\"2020-05-27T04:35:15+00:00\",\"dateModified\":\"2023-12-12T11:09:15+00:00\",\"breadcrumb\":{\"@id\":\"https:\\\/\\\/europa.studio\\\/fr\\\/politique-de-confidentialite\\\/#breadcrumb\"},\"inLanguage\":\"fr-FR\",\"potentialAction\":[{\"@type\":\"ReadAction\",\"target\":[\"https:\\\/\\\/europa.studio\\\/fr\\\/politique-de-confidentialite\\\/\"]}]},{\"@type\":\"BreadcrumbList\",\"@id\":\"https:\\\/\\\/europa.studio\\\/fr\\\/politique-de-confidentialite\\\/#breadcrumb\",\"itemListElement\":[{\"@type\":\"ListItem\",\"position\":1,\"name\":\"Home\",\"item\":\"https:\\\/\\\/europa.studio\\\/fr\\\/\"},{\"@type\":\"ListItem\",\"position\":2,\"name\":\"Politique de confidentialit\u00e9\"}]},{\"@type\":\"WebSite\",\"@id\":\"https:\\\/\\\/europa.studio\\\/fr\\\/#website\",\"url\":\"https:\\\/\\\/europa.studio\\\/fr\\\/\",\"name\":\"Europa Studio\",\"description\":\"Brand identity, marketing strategy and web design\",\"publisher\":{\"@id\":\"https:\\\/\\\/europa.studio\\\/fr\\\/#organization\"},\"potentialAction\":[{\"@type\":\"SearchAction\",\"target\":{\"@type\":\"EntryPoint\",\"urlTemplate\":\"https:\\\/\\\/europa.studio\\\/fr\\\/?s={search_term_string}\"},\"query-input\":{\"@type\":\"PropertyValueSpecification\",\"valueRequired\":true,\"valueName\":\"search_term_string\"}}],\"inLanguage\":\"fr-FR\"},{\"@type\":\"Organization\",\"@id\":\"https:\\\/\\\/europa.studio\\\/fr\\\/#organization\",\"name\":\"Europa Studio\",\"url\":\"https:\\\/\\\/europa.studio\\\/fr\\\/\",\"logo\":{\"@type\":\"ImageObject\",\"inLanguage\":\"fr-FR\",\"@id\":\"https:\\\/\\\/europa.studio\\\/fr\\\/#\\\/schema\\\/logo\\\/image\\\/\",\"url\":\"https:\\\/\\\/europa.studio\\\/wp-content\\\/uploads\\\/2020\\\/09\\\/Europa_Studio_Logo_Europa-Studio.png\",\"contentUrl\":\"https:\\\/\\\/europa.studio\\\/wp-content\\\/uploads\\\/2020\\\/09\\\/Europa_Studio_Logo_Europa-Studio.png\",\"width\":1036,\"height\":154,\"caption\":\"Europa Studio\"},\"image\":{\"@id\":\"https:\\\/\\\/europa.studio\\\/fr\\\/#\\\/schema\\\/logo\\\/image\\\/\"},\"sameAs\":[\"https:\\\/\\\/www.instagram.com\\\/europa_branding\\\/\",\"https:\\\/\\\/www.linkedin.com\\\/company\\\/europastudio\"]}]}<\/script>\n<!-- \/ Yoast SEO plugin. -->","yoast_head_json":{"title":"Politique de confidentialit\u00e9 &#8211; Europa Studio","robots":{"index":"index","follow":"follow","max-snippet":"max-snippet:-1","max-image-preview":"max-image-preview:large","max-video-preview":"max-video-preview:-1"},"canonical":"https:\/\/europa.studio\/fr\/politique-de-confidentialite\/","og_locale":"fr_FR","og_type":"article","og_title":"Politique de confidentialit\u00e9 &#8211; Europa Studio","og_description":"Introduction et conditions g\u00e9n\u00e9rales Le respect de la vie priv\u00e9e et la s\u00e9curit\u00e9 en ligne sont importants pour Europa Studio. Cette politique explique comment nous pouvons collecter des informations vous concernant et comment&hellip;","og_url":"https:\/\/europa.studio\/fr\/politique-de-confidentialite\/","og_site_name":"Europa Studio","article_modified_time":"2023-12-12T11:09:15+00:00","twitter_card":"summary_large_image","twitter_misc":{"Dur\u00e9e de lecture estim\u00e9e":"7 minutes"},"schema":{"@context":"https:\/\/schema.org","@graph":[{"@type":"WebPage","@id":"https:\/\/europa.studio\/fr\/politique-de-confidentialite\/","url":"https:\/\/europa.studio\/fr\/politique-de-confidentialite\/","name":"Politique de confidentialit\u00e9 &#8211; Europa Studio","isPartOf":{"@id":"https:\/\/europa.studio\/fr\/#website"},"datePublished":"2020-05-27T04:35:15+00:00","dateModified":"2023-12-12T11:09:15+00:00","breadcrumb":{"@id":"https:\/\/europa.studio\/fr\/politique-de-confidentialite\/#breadcrumb"},"inLanguage":"fr-FR","potentialAction":[{"@type":"ReadAction","target":["https:\/\/europa.studio\/fr\/politique-de-confidentialite\/"]}]},{"@type":"BreadcrumbList","@id":"https:\/\/europa.studio\/fr\/politique-de-confidentialite\/#breadcrumb","itemListElement":[{"@type":"ListItem","position":1,"name":"Home","item":"https:\/\/europa.studio\/fr\/"},{"@type":"ListItem","position":2,"name":"Politique de confidentialit\u00e9"}]},{"@type":"WebSite","@id":"https:\/\/europa.studio\/fr\/#website","url":"https:\/\/europa.studio\/fr\/","name":"Europa Studio","description":"Brand identity, marketing strategy and web design","publisher":{"@id":"https:\/\/europa.studio\/fr\/#organization"},"potentialAction":[{"@type":"SearchAction","target":{"@type":"EntryPoint","urlTemplate":"https:\/\/europa.studio\/fr\/?s={search_term_string}"},"query-input":{"@type":"PropertyValueSpecification","valueRequired":true,"valueName":"search_term_string"}}],"inLanguage":"fr-FR"},{"@type":"Organization","@id":"https:\/\/europa.studio\/fr\/#organization","name":"Europa Studio","url":"https:\/\/europa.studio\/fr\/","logo":{"@type":"ImageObject","inLanguage":"fr-FR","@id":"https:\/\/europa.studio\/fr\/#\/schema\/logo\/image\/","url":"https:\/\/europa.studio\/wp-content\/uploads\/2020\/09\/Europa_Studio_Logo_Europa-Studio.png","contentUrl":"https:\/\/europa.studio\/wp-content\/uploads\/2020\/09\/Europa_Studio_Logo_Europa-Studio.png","width":1036,"height":154,"caption":"Europa Studio"},"image":{"@id":"https:\/\/europa.studio\/fr\/#\/schema\/logo\/image\/"},"sameAs":["https:\/\/www.instagram.com\/europa_branding\/","https:\/\/www.linkedin.com\/company\/europastudio"]}]}},"_links":{"self":[{"href":"https:\/\/europa.studio\/fr\/wp-json\/wp\/v2\/pages\/1259","targetHints":{"allow":["GET"]}}],"collection":[{"href":"https:\/\/europa.studio\/fr\/wp-json\/wp\/v2\/pages"}],"about":[{"href":"https:\/\/europa.studio\/fr\/wp-json\/wp\/v2\/types\/page"}],"author":[{"embeddable":true,"href":"https:\/\/europa.studio\/fr\/wp-json\/wp\/v2\/users\/3"}],"replies":[{"embeddable":true,"href":"https:\/\/europa.studio\/fr\/wp-json\/wp\/v2\/comments?post=1259"}],"version-history":[{"count":9,"href":"https:\/\/europa.studio\/fr\/wp-json\/wp\/v2\/pages\/1259\/revisions"}],"predecessor-version":[{"id":1365,"href":"https:\/\/europa.studio\/fr\/wp-json\/wp\/v2\/pages\/1259\/revisions\/1365"}],"wp:attachment":[{"href":"https:\/\/europa.studio\/fr\/wp-json\/wp\/v2\/media?parent=1259"}],"curies":[{"name":"wp","href":"https:\/\/api.w.org\/{rel}","templated":true}]}}